{"id":12,"date":"2017-12-14T16:28:39","date_gmt":"2017-12-14T16:28:39","guid":{"rendered":"https:\/\/www.eko-kindergarten.de\/kinder\/?page_id=12"},"modified":"2021-07-16T09:16:03","modified_gmt":"2021-07-16T08:16:03","slug":"aktivitaeten","status":"publish","type":"page","link":"https:\/\/www.eko-kindergarten.de\/de\/aktivitaeten\/","title":{"rendered":"Aktivit\u00e4ten"},"content":{"rendered":"<p><\/p>\n<div class=\"tab5 de\">\n<div class=\"tab-content\">\n<input id=\"tab5-1\" type=\"radio\" name=\"tab5\" checked><label for=\"tab5-1\" class=\"aktivitaeten tag\"><span class=\"left\"><i class=\"far fa-clock fa-lg\"><\/i>Unser Tagesablauf<\/span><\/label><input id=\"tab5-2\" type=\"radio\" name=\"tab5\"><label for=\"tab5-2\" class=\"aktivitaeten jahr\"><span><i class=\"far fa-calendar-alt fa-lg\"><\/i>Unser Jahresplan<\/span><\/label><\/p>\n<div id=\"tab5-b1\">\n<dl class=\"long\">\n<dt>7.30 Uhr<\/dt>\n<dd>\u00d6ffnung der Einrichtung<\/dd>\n<dt>7.30 Uhr<\/dt>\n<dd>Freispiel\/freies Fr\u00fchst\u00fcck<br \/>\nDie Kinder gehen in ihre Gruppen. An deutschen Tagen in die Stammgruppen (Hasen-, Raben-, Froschgruppe) An japanischen Tagen in die japanischen Gruppen (Sumire-(3-4-j\u00e4hrigen), Yuri-(4-5-j\u00e4hrigen), Fujigruppe (Vorschulkinder))\n<\/dd>\n<dt>9.00 Uhr<\/dt>\n<dd>Eingangst\u00fcr wird geschlossen!<br \/>\nEltern m\u00fcssen die Einrichtung bis dahin verlassen.<\/dd>\n<dt>ca. 9.15 Uhr<\/dt>\n<dd>Morgenkreis (Begr\u00fc\u00dfen der Kinder, Gespr\u00e4chsrunde, wichtige Ereignisse usw. werden besprochen, kleine Stuhlkreisspiele, Fingerspiele, Singen etc.)<\/dd>\n<dt>9.30 Uhr<\/dt>\n<dd><strong>An deutschen Tagen:<\/strong><br \/>\nAngebote und Projekte unter Ber\u00fccksichtigung der Bildungsbereiche nach dem situationsorientierten Ansatz; Spazierg\u00e4nge; Exkursionen; Freispiel in den R\u00e4umlichkeiten der Einrichtung und im Au\u00dfengel\u00e4nde<br \/>\n<strong>An japanischen Tagen:<\/strong><br \/>\nAngebote und Projekte unter Ber\u00fccksichtigung der Bildungsbereiche nach dem japanischen Erziehungsprogramm und teilweise japanischen Materialien, Spazierg\u00e4nge und Exkursionen, Freispiel in den R\u00e4umlichkeiten der Einrichtung und im Au\u00dfengel\u00e4nde.<br \/>\n<img loading=\"lazy\" decoding=\"async\" src=\"https:\/\/www.eko-kindergarten.de\/kinder\/wp-content\/uploads\/2018\/04\/inside2.jpg\" alt=\"EK\u014c-Kindergarten e.V\" width=\"600\" height=\"411\" class=\"alignnone size-full wp-image-199\" srcset=\"https:\/\/www.eko-kindergarten.de\/kinder\/wp-content\/uploads\/2018\/04\/inside2.jpg 600w, https:\/\/www.eko-kindergarten.de\/kinder\/wp-content\/uploads\/2018\/04\/inside2-300x206.jpg 300w\" sizes=\"auto, (max-width: 600px) 100vw, 600px\" \/>\n<\/dd>\n<dt>12.00 Uhr<\/dt>\n<dd>Mittagessen inklusive Z\u00e4hne putzen<\/dd>\n<dt>13.10 Uhr<\/dt>\n<dd>Ruhezeit, individuelle Vorschularbeit<br \/>\n<img loading=\"lazy\" decoding=\"async\" src=\"https:\/\/www.eko-kindergarten.de\/kinder\/wp-content\/uploads\/2018\/04\/inside.jpg\" alt=\"EK\u014c-Kindergarten e.V\" width=\"600\" height=\"399\" class=\"alignnone size-full wp-image-198\" srcset=\"https:\/\/www.eko-kindergarten.de\/kinder\/wp-content\/uploads\/2018\/04\/inside.jpg 600w, https:\/\/www.eko-kindergarten.de\/kinder\/wp-content\/uploads\/2018\/04\/inside-300x200.jpg 300w\" sizes=\"auto, (max-width: 600px) 100vw, 600px\" \/><\/dd>\n<dt>14.00 Uhr<\/dt>\n<dd>Zwischenmahlzeit\/ Obst<\/dd>\n<dt>ca. 15.00 Uhr<\/dt>\n<dd>Freispiel in den Gruppen und im Au\u00dfengel\u00e4nde, Kleingruppenangebote, freie individuelle Abholzeit<br \/>\n<img loading=\"lazy\" decoding=\"async\" src=\"https:\/\/www.eko-kindergarten.de\/kinder\/wp-content\/uploads\/2018\/04\/outside2.jpg\" alt=\"EK\u014c-Kindergarten e.V\" width=\"600\" height=\"399\" class=\"alignnone size-full wp-image-201\" srcset=\"https:\/\/www.eko-kindergarten.de\/kinder\/wp-content\/uploads\/2018\/04\/outside2.jpg 600w, https:\/\/www.eko-kindergarten.de\/kinder\/wp-content\/uploads\/2018\/04\/outside2-300x200.jpg 300w\" sizes=\"auto, (max-width: 600px) 100vw, 600px\" \/><br \/>\n<img loading=\"lazy\" decoding=\"async\" src=\"https:\/\/www.eko-kindergarten.de\/kinder\/wp-content\/uploads\/2018\/04\/outside.jpg\" alt=\"EK\u014c-Kindergarten e.V\" width=\"600\" height=\"398\" class=\"alignnone size-full wp-image-200\" srcset=\"https:\/\/www.eko-kindergarten.de\/kinder\/wp-content\/uploads\/2018\/04\/outside.jpg 600w, https:\/\/www.eko-kindergarten.de\/kinder\/wp-content\/uploads\/2018\/04\/outside-300x199.jpg 300w\" sizes=\"auto, (max-width: 600px) 100vw, 600px\" \/><\/dd>\n<dt>16.30 Uhr<\/dt>\n<dd>Ende der Betreuungszeit<\/dd>\n<ul class=\"clear list\">\n<li>Den gesamten Tag \u00fcber werden zus\u00e4tzliche Aktivit\u00e4ten von den gruppen\u00fcbergreifenden Fachkr\u00e4ften angeboten.<\/li>\n<li>Einmal die Woche findet f\u00fcr jede Gruppe Rhythmik statt.<\/li>\n<li>Montag ist die Abholzeit f\u00fcr Fujikinder (Vorschulkinder) erst ab 15.00 Uhr, da in der Zeit von 14.00 \u2013 15.00 Uhr Kendo (jap. Kampfkunstart) angeboten wird.<\/li>\n<li>Dienstags findet am Vormittag Bussan (buddhistische Andacht) in unserer Einrichtung statt.<\/li>\n<li>Jeden ersten Dienstag im Monat findet auch f\u00fcr interessierte Eltern Bussan im Tempel statt.<\/li>\n<li>Jeden Donnerstag findet die Sonnenblumen- und Sakurazeit zwischen 14.00 und 14.30 Uhr statt, daher ist die Abholzeit erst ab 14.30 Uhr. <\/ul>\n<\/dl>\n<\/div>\n<div id=\"tab5-b2\">\n<dl class=\"long\">\n<dt>Januar<\/dt>\n<dd>Bussan im Tempel<br \/>\nWir machen Omochitsuki (Traditionelles Reisstampfen)<br \/>\nDie Fujis (Vorschulkinder) besuchen den Flughafen<br \/>\n<img loading=\"lazy\" decoding=\"async\" src=\"https:\/\/www.eko-kindergarten.de\/kinder\/wp-content\/uploads\/2018\/04\/airport.jpg\" alt=\"airport\" width=\"600\" height=\"400\" class=\"alignnone size-full wp-image-204\" srcset=\"https:\/\/www.eko-kindergarten.de\/kinder\/wp-content\/uploads\/2018\/04\/airport.jpg 600w, https:\/\/www.eko-kindergarten.de\/kinder\/wp-content\/uploads\/2018\/04\/airport-300x200.jpg 300w\" sizes=\"auto, (max-width: 600px) 100vw, 600px\" \/>\n<\/dd>\n<dt>Februar<\/dt>\n<dd>Bussan im Tempel<br \/>\nSetsubun (Teufelsfest)<br \/>\nHina-Matsuri (Puppenfest)<br \/>\nJap. Fujieltern basteln die Schult\u00fcten f\u00fcr ihre Kinder\n<\/dd>\n<dt>M\u00e4rz<\/dt>\n<dd>Bussan im Tempel<br \/>\nElternratswahl<br \/>\nAbschiedszeremonie der jap. Fujikindern<br \/>\n\u00dcbernachtung der Fujikinder im Kindergarten<br \/>\n*Wir feiern zwischen Februar und M\u00e4rz mit den Kindern Karneval im Kindergarten<br \/>\n<img loading=\"lazy\" decoding=\"async\" src=\"https:\/\/www.eko-kindergarten.de\/kinder\/wp-content\/uploads\/2018\/04\/march.jpg\" alt=\"Marz\" width=\"600\" height=\"390\" class=\"alignnone size-full wp-image-185\" srcset=\"https:\/\/www.eko-kindergarten.de\/kinder\/wp-content\/uploads\/2018\/04\/march.jpg 600w, https:\/\/www.eko-kindergarten.de\/kinder\/wp-content\/uploads\/2018\/04\/march-300x195.jpg 300w\" sizes=\"auto, (max-width: 600px) 100vw, 600px\" \/>\n<\/dd>\n<dt>April<\/dt>\n<dd>Bussan im Tempel<br \/>\nBegr\u00fc\u00dfungszeremonie der jap. Sumirekinder<br \/>\nHana-Matsuri (Blumenfest)<br \/>\nOsterfr\u00fchst\u00fcck &amp; -feier\n<\/dd>\n<dt>Mai<\/dt>\n<dd>Bussan im Tempel<br \/>\nKodomo no hi (Knabenfest)\n<\/dd>\n<dt>Juni<\/dt>\n<dd>Bussan im Tempel<br \/>\nAbschiedsausflug mit dem gesamten Kindergarten<br \/>\nDt. Fujieltern basteln die Schult\u00fcten f\u00fcr ihre Kinder<br \/>\n*Zwischen Mai und Juni beteiligen wir uns am Japantag.<br \/>\n<img loading=\"lazy\" decoding=\"async\" src=\"https:\/\/www.eko-kindergarten.de\/kinder\/wp-content\/uploads\/2018\/04\/japan-tag.jpg\" alt=\"Japan Tag\" width=\"600\" height=\"258\" class=\"alignnone size-full wp-image-189\" srcset=\"https:\/\/www.eko-kindergarten.de\/kinder\/wp-content\/uploads\/2018\/04\/japan-tag.jpg 600w, https:\/\/www.eko-kindergarten.de\/kinder\/wp-content\/uploads\/2018\/04\/japan-tag-300x129.jpg 300w\" sizes=\"auto, (max-width: 600px) 100vw, 600px\" \/>\n<\/dd>\n<dt>Juli<\/dt>\n<dd>Bussan im Tempel<br \/>\nTanabata no kai (Sternenfest)<br \/>\nAbschiedszeremonie der dt. Fujikinder\n<\/dd>\n<dt>August<\/dt>\n<dd>Bussan im Tempel<br \/>\nBegr\u00fcssungszeremonie der dts. Sumire Kinder\n<\/dd>\n<dt>September<\/dt>\n<dd>Grillfest vom Elternrat (samstag)<br \/>\nBussan im Tempel<br \/>\nOtsukimi (Vollmondfest)<br \/>\n*In den Sommermonaten findet an einem Samstag das EK\u014c -Fest statt In der Zeit zwischen Juli und September sind die Sommerferien.<br \/>\n*Unser Flohmarkt (samstags) findet zwischen August und September statt.\n<\/dd>\n<dt>Oktober<\/dt>\n<dd>Bussan im Tempel<\/dd>\n<dt>November<\/dt>\n<dd>Bussan im Tempel<br \/>\nSt. Martinsfr\u00fchst\u00fcck im Kindergarten<br \/>\nSt. Martinsfeier mit Eltern (Freitagabend)<br \/>\n*Unser j\u00e4hrliches Sportfest (samstag) ist zwischen Oktober und November.<br \/>\n<img loading=\"lazy\" decoding=\"async\" src=\"https:\/\/www.eko-kindergarten.de\/kinder\/wp-content\/uploads\/2018\/04\/toothbrushes.jpg\" alt=\"Zahnb\u00fcrsten\" width=\"600\" height=\"399\" class=\"alignnone size-full wp-image-186\" srcset=\"https:\/\/www.eko-kindergarten.de\/kinder\/wp-content\/uploads\/2018\/04\/toothbrushes.jpg 600w, https:\/\/www.eko-kindergarten.de\/kinder\/wp-content\/uploads\/2018\/04\/toothbrushes-300x200.jpg 300w\" sizes=\"auto, (max-width: 600px) 100vw, 600px\" \/>\n<\/dd>\n<dt>Dezember<\/dt>\n<dd>Bussan im Tempel<br \/>\nJodo-e (Buddhas Erleuchtung)<br \/>\nNikolausfeier<br \/>\nWeihnachtsfeier mit den Eltern(Montagnachmittag)<br \/>\nWeihnachtsfr\u00fchst\u00fcck &amp; -feier nur f\u00fcr Kinder<br \/>\n<img loading=\"lazy\" decoding=\"async\" src=\"https:\/\/www.eko-kindergarten.de\/kinder\/wp-content\/uploads\/2018\/04\/christmas2.jpg\" alt=\"christmas\" width=\"600\" height=\"402\" class=\"alignnone size-full wp-image-208\" srcset=\"https:\/\/www.eko-kindergarten.de\/kinder\/wp-content\/uploads\/2018\/04\/christmas2.jpg 600w, https:\/\/www.eko-kindergarten.de\/kinder\/wp-content\/uploads\/2018\/04\/christmas2-300x201.jpg 300w\" sizes=\"auto, (max-width: 600px) 100vw, 600px\" \/>\n<\/dd>\n<ul class=\"clear list\">\n<li>Zweimal im Jahr (Fr\u00fchling &amp; Herbst) kommt der Fotograf zu uns.<\/li>\n<li>Der Jahresplan kann nat\u00fcrlich von den Terminen immer ein wenig abweichen. Jedoch bekommen Sie immer vorzeitig von uns die Informationen der wichtigen Termine.<\/li>\n<li>Desweiteren finden im Jahr verschiedene Projekte, Ausfl\u00fcge und Termine in und mit den Gruppen statt, \u00fcber die Sie von uns fr\u00fchzeitig informiert werden.<\/li>\n<\/ul>\n<\/dl>\n<\/div>\n<p><!--tab-content--><\/div>\n<p><!--tab5--><\/div>\n<p><\/p>","protected":false},"excerpt":{"rendered":"<p>Unser TagesablaufUnser Jahresplan 7.30 Uhr \u00d6ffnung der Einrichtung 7.30 Uhr Freispiel\/freies Fr\u00fchst\u00fcck Die Kinder gehen in ihre Gruppen. An deutschen Tagen in die Stammgruppen (Hasen-,&hellip;<\/p>\n","protected":false},"author":2,"featured_media":0,"parent":0,"menu_order":0,"comment_status":"closed","ping_status":"closed","template":"page-templates\/fullwidth.php","meta":{"footnotes":""},"class_list":["post-12","page","type-page","status-publish","hentry"],"_links":{"self":[{"href":"https:\/\/www.eko-kindergarten.de\/de\/wp-json\/wp\/v2\/pages\/12","targetHints":{"allow":["GET"]}}],"collection":[{"href":"https:\/\/www.eko-kindergarten.de\/de\/wp-json\/wp\/v2\/pages"}],"about":[{"href":"https:\/\/www.eko-kindergarten.de\/de\/wp-json\/wp\/v2\/types\/page"}],"author":[{"embeddable":true,"href":"https:\/\/www.eko-kindergarten.de\/de\/wp-json\/wp\/v2\/users\/2"}],"replies":[{"embeddable":true,"href":"https:\/\/www.eko-kindergarten.de\/de\/wp-json\/wp\/v2\/comments?post=12"}],"version-history":[{"count":116,"href":"https:\/\/www.eko-kindergarten.de\/de\/wp-json\/wp\/v2\/pages\/12\/revisions"}],"predecessor-version":[{"id":486,"href":"https:\/\/www.eko-kindergarten.de\/de\/wp-json\/wp\/v2\/pages\/12\/revisions\/486"}],"wp:attachment":[{"href":"https:\/\/www.eko-kindergarten.de\/de\/wp-json\/wp\/v2\/media?parent=12"}],"curies":[{"name":"wp","href":"https:\/\/api.w.org\/{rel}","templated":true}]}}