{"id":8,"date":"2017-12-14T16:28:17","date_gmt":"2017-12-14T16:28:17","guid":{"rendered":"https:\/\/www.eko-kindergarten.de\/kinder\/?page_id=8"},"modified":"2018-08-13T14:22:01","modified_gmt":"2018-08-13T13:22:01","slug":"ueber-uns","status":"publish","type":"page","link":"https:\/\/www.eko-kindergarten.de\/de\/ueber-uns\/","title":{"rendered":"\u00dcber uns"},"content":{"rendered":"<p><\/p>\n<p><img loading=\"lazy\" decoding=\"async\" src=\"https:\/\/www.eko-kindergarten.de\/kinder\/wp-content\/uploads\/2018\/06\/ekohaus.jpg\" alt=\"EK\u014c-Haus der Japanischen Kultur e.V.\" width=\"984\" height=\"607\" class=\"alignnone size-full wp-image-276\" srcset=\"https:\/\/www.eko-kindergarten.de\/kinder\/wp-content\/uploads\/2018\/06\/ekohaus.jpg 984w, https:\/\/www.eko-kindergarten.de\/kinder\/wp-content\/uploads\/2018\/06\/ekohaus-300x185.jpg 300w, https:\/\/www.eko-kindergarten.de\/kinder\/wp-content\/uploads\/2018\/06\/ekohaus-768x474.jpg 768w\" sizes=\"auto, (max-width: 984px) 100vw, 984px\" \/><\/p>\n<p>Der EK\u014c -Kindergarten e.V. ist eine Einrichtung vom EK\u014c -Haus der japanischen Kultur e.V. und setzt sich zur Aufgabe, den Kulturaustausch zwischen Ost und West aktiv zu betreiben und Traditionen, Br\u00e4uche, Kultur und Feste beider L\u00e4nder kennenzulernen.<\/\n\n\n<p>Unserer Einrichtung wird von insgesamt 60 Kinder im Alter von 3 &#8211; 6 Jahren besucht. Davon sind 30 Kinder deutsch und 30 Kinder japanisch.<\/p>\n<p><a name=\"einrichtung\"><\/a><\/p>\n<h2>Tr\u00e4ger der Einrichtung<\/h2>\n<p>EK\u014c-Haus der japanischen Kultur e.V.<br \/>\nBr\u00fcggener Weg 6, 40547 D\u00fcsseldorf<\/p>\n<p><a name=\"kindergartenteam\"><\/a><\/p>\n<h2>Kindergartenteam<\/h2>\n<p>1 Kindertagesst\u00e4ttenleitung<br \/>\n3 Gruppenleitungen<br \/>\n3 Erg\u00e4nzungskr\u00e4fte<br \/>\n3 zus\u00e4tzliche Fachkr\u00e4fte<br \/>\n1 K\u00fcchenkraft<br \/>\n1 Hausmeister<\/p>\n<p><a name=\"raeumlichkeiten\"><\/a><\/p>\n<h2>R\u00e4umlichkeiten<\/h2>\n<p>Der EK\u014c -Kindergarten e.V. besteht aus drei Gruppenr\u00e4umen, einem gro\u00dfen Mehrzweckraum, drei Kinderwaschr\u00e4umen, einem Flur mit Bibliothek, einem Personalzimmer, einem B\u00fcro, einer K\u00fcche, Material- sowie Abstellr\u00e4umen und Kellerr\u00e4umen. Zum EK\u014c -Kindergarten e.V. geh\u00f6rt ein gro\u00dfes Au\u00dfengel\u00e4nde mit vielen verschiedenen Kletter- und Spielm\u00f6glichkeiten.<\/p>\n<p><a name=\"oeffnungszeiten\"><\/a><\/p>\n<h2>\u00d6ffnungszeiten &#038; Schlie\u00dfungszeiten<\/h2>\n<ul>\n<li>Unsere Einrichtung ist Montag bis Freitag von 7.30 Uhr bis 16.30 Uhr ge\u00f6ffnet.<\/li>\n<li>Wir bieten nur 45-Stunden -Betreuungspl\u00e4tze an.<\/li>\n<li>F\u00fcr die offiziellen Sommerferien NRW bieten wir zwei Feriengruppen (2x drei Wochen) f\u00fcr jeweils insgesamt 30 Kinder an.<\/li>\n<li>Mit dieser Variante der Ferien bieten wir den Vorschulkindern eine durchgehende Betreuung bis zum 31. Juli und den neu einsteigenden Kindern einen Start ab dem 01. August an.<\/li>\n<li>Zwischen Weihnachten und Neujahr bleibt die Einrichtung komplett geschlossen. Neben den Feiertagen und Br\u00fcckentagen haben wir unsere Kindertagesst\u00e4tte zwei weitere Tage im Jahr f\u00fcr Konzeptions- und Fortbildungstage f\u00fcr das Personal sowie f\u00fcr einen Desinfektionstag geschlossen.<\/li>\n<\/ul>\n<div class=\"photos top-space\">\n<div class=\"photo\"><a href=\"https:\/\/www.eko-kindergarten.de\/kinder\/wp-content\/uploads\/2018\/05\/lighthouse.jpg\" data-rel=\"lightbox-gallery-5GlzE3Tc\" data-rl_title=\"\" data-rl_caption=\"\" title=\"\"><img loading=\"lazy\" decoding=\"async\" src=\"https:\/\/www.eko-kindergarten.de\/kinder\/wp-content\/uploads\/2018\/05\/lighthouse.jpg\" alt=\"lighthouse\" width=\"750\" height=\"505\" class=\"alignnone size-full wp-image-229\" srcset=\"https:\/\/www.eko-kindergarten.de\/kinder\/wp-content\/uploads\/2018\/05\/lighthouse.jpg 750w, https:\/\/www.eko-kindergarten.de\/kinder\/wp-content\/uploads\/2018\/05\/lighthouse-300x202.jpg 300w\" sizes=\"auto, (max-width: 750px) 100vw, 750px\" \/><\/a><\/div>\n<div class=\"photo\"><a href=\"https:\/\/www.eko-kindergarten.de\/kinder\/wp-content\/uploads\/2018\/05\/toys.jpg\" data-rel=\"lightbox-gallery-5GlzE3Tc\" data-rl_title=\"\" data-rl_caption=\"\" title=\"\"><img loading=\"lazy\" decoding=\"async\" src=\"https:\/\/www.eko-kindergarten.de\/kinder\/wp-content\/uploads\/2018\/05\/toys.jpg\" alt=\"toys\" width=\"750\" height=\"499\" class=\"alignnone size-full wp-image-226\" srcset=\"https:\/\/www.eko-kindergarten.de\/kinder\/wp-content\/uploads\/2018\/05\/toys.jpg 750w, https:\/\/www.eko-kindergarten.de\/kinder\/wp-content\/uploads\/2018\/05\/toys-300x200.jpg 300w\" sizes=\"auto, (max-width: 750px) 100vw, 750px\" \/><\/a><\/div>\n<div class=\"photo\"><a href=\"https:\/\/www.eko-kindergarten.de\/kinder\/wp-content\/uploads\/2018\/05\/outside3.jpg\" data-rel=\"lightbox-gallery-5GlzE3Tc\" data-rl_title=\"\" data-rl_caption=\"\" title=\"\"><img loading=\"lazy\" decoding=\"async\" src=\"https:\/\/www.eko-kindergarten.de\/kinder\/wp-content\/uploads\/2018\/05\/outside3.jpg\" alt=\"outside\" width=\"750\" height=\"499\" class=\"alignnone size-full wp-image-228\" srcset=\"https:\/\/www.eko-kindergarten.de\/kinder\/wp-content\/uploads\/2018\/05\/outside3.jpg 750w, https:\/\/www.eko-kindergarten.de\/kinder\/wp-content\/uploads\/2018\/05\/outside3-300x200.jpg 300w\" sizes=\"auto, (max-width: 750px) 100vw, 750px\" \/><\/a><\/div>\n<\/div>\n<div class=\"photos\">\n<div class=\"photo\"><a href=\"https:\/\/www.eko-kindergarten.de\/kinder\/wp-content\/uploads\/2018\/05\/inside5.jpg\" data-rel=\"lightbox-gallery-5GlzE3Tc\" data-rl_title=\"\" data-rl_caption=\"\" title=\"\"><img loading=\"lazy\" decoding=\"async\" src=\"https:\/\/www.eko-kindergarten.de\/kinder\/wp-content\/uploads\/2018\/05\/inside5.jpg\" alt=\"EK\u014c-Kindergarten e.V\" width=\"750\" height=\"499\" class=\"alignnone size-full wp-image-236\" srcset=\"https:\/\/www.eko-kindergarten.de\/kinder\/wp-content\/uploads\/2018\/05\/inside5.jpg 750w, https:\/\/www.eko-kindergarten.de\/kinder\/wp-content\/uploads\/2018\/05\/inside5-300x200.jpg 300w\" sizes=\"auto, (max-width: 750px) 100vw, 750px\" \/><\/a><\/div>\n<div class=\"photo\"><a href=\"https:\/\/www.eko-kindergarten.de\/kinder\/wp-content\/uploads\/2018\/05\/washing.jpg\" data-rel=\"lightbox-gallery-5GlzE3Tc\" data-rl_title=\"\" data-rl_caption=\"\" title=\"\"><img loading=\"lazy\" decoding=\"async\" src=\"https:\/\/www.eko-kindergarten.de\/kinder\/wp-content\/uploads\/2018\/05\/washing.jpg\" alt=\"interior\" width=\"750\" height=\"499\" class=\"alignnone size-full wp-image-238\" srcset=\"https:\/\/www.eko-kindergarten.de\/kinder\/wp-content\/uploads\/2018\/05\/washing.jpg 750w, https:\/\/www.eko-kindergarten.de\/kinder\/wp-content\/uploads\/2018\/05\/washing-300x200.jpg 300w\" sizes=\"auto, (max-width: 750px) 100vw, 750px\" \/><\/a><\/div>\n<div class=\"photo\"><a href=\"https:\/\/www.eko-kindergarten.de\/kinder\/wp-content\/uploads\/2018\/05\/inside6.jpg\" data-rel=\"lightbox-gallery-5GlzE3Tc\" data-rl_title=\"\" data-rl_caption=\"\" title=\"\"><img loading=\"lazy\" decoding=\"async\" src=\"https:\/\/www.eko-kindergarten.de\/kinder\/wp-content\/uploads\/2018\/05\/inside6.jpg\" alt=\"EK\u014c-Kindergarten e.V\" width=\"750\" height=\"500\" class=\"alignnone size-full wp-image-235\" srcset=\"https:\/\/www.eko-kindergarten.de\/kinder\/wp-content\/uploads\/2018\/05\/inside6.jpg 750w, https:\/\/www.eko-kindergarten.de\/kinder\/wp-content\/uploads\/2018\/05\/inside6-300x200.jpg 300w\" sizes=\"auto, (max-width: 750px) 100vw, 750px\" \/><\/a><\/div>\n<\/div>\n<p><\/p>","protected":false},"excerpt":{"rendered":"<p>Der EK\u014c -Kindergarten e.V. ist eine Einrichtung vom EK\u014c -Haus der japanischen Kultur e.V. und setzt sich zur Aufgabe, den Kulturaustausch zwischen Ost und West&hellip;<\/p>\n","protected":false},"author":2,"featured_media":0,"parent":0,"menu_order":0,"comment_status":"closed","ping_status":"closed","template":"page-templates\/centered.php","meta":{"footnotes":""},"class_list":["post-8","page","type-page","status-publish","hentry"],"_links":{"self":[{"href":"https:\/\/www.eko-kindergarten.de\/de\/wp-json\/wp\/v2\/pages\/8","targetHints":{"allow":["GET"]}}],"collection":[{"href":"https:\/\/www.eko-kindergarten.de\/de\/wp-json\/wp\/v2\/pages"}],"about":[{"href":"https:\/\/www.eko-kindergarten.de\/de\/wp-json\/wp\/v2\/types\/page"}],"author":[{"embeddable":true,"href":"https:\/\/www.eko-kindergarten.de\/de\/wp-json\/wp\/v2\/users\/2"}],"replies":[{"embeddable":true,"href":"https:\/\/www.eko-kindergarten.de\/de\/wp-json\/wp\/v2\/comments?post=8"}],"version-history":[{"count":30,"href":"https:\/\/www.eko-kindergarten.de\/de\/wp-json\/wp\/v2\/pages\/8\/revisions"}],"predecessor-version":[{"id":410,"href":"https:\/\/www.eko-kindergarten.de\/de\/wp-json\/wp\/v2\/pages\/8\/revisions\/410"}],"wp:attachment":[{"href":"https:\/\/www.eko-kindergarten.de\/de\/wp-json\/wp\/v2\/media?parent=8"}],"curies":[{"name":"wp","href":"https:\/\/api.w.org\/{rel}","templated":true}]}}